{"id":1304,"date":"2025-07-21T18:37:29","date_gmt":"2025-07-21T18:37:29","guid":{"rendered":"https:\/\/www.aleksandar-gacic.com\/?page_id=1304"},"modified":"2025-07-24T18:23:40","modified_gmt":"2025-07-24T18:23:40","slug":"b2b","status":"publish","type":"page","link":"https:\/\/www.aleksandar-gacic.com\/index.php\/b2b\/","title":{"rendered":"B2B"},"content":{"rendered":"\n<div class=\"wp-block-stackable-columns alignfull stk-block-columns stk-block stk-cf247fd stk-block-background stk--has-background-overlay\" data-block-id=\"cf247fd\"><style>.stk-cf247fd {background-color:var(--theme-palette-color-4, #000000) !important;background-image:url(https:\/\/www.aleksandar-gacic.com\/wp-content\/uploads\/2025\/07\/fotografie_B2B-2.jpg) !important;background-position:top left !important;padding-top:390px !important;padding-right:35px !important;padding-bottom:340px !important;padding-left:35px !important;margin-bottom:0px !important;}.stk-cf247fd:before{background-color:var(--theme-palette-color-4, #000000) !important;opacity:0.6 !important;}@media screen and (max-width:999px){.stk-cf247fd {padding-top:290px !important;padding-bottom:250px !important;}}@media screen and (max-width:689px){.stk-cf247fd {padding-top:220px !important;padding-right:18px !important;padding-bottom:210px !important;padding-left:18px !important;}}<\/style><div class=\"stk-row stk-inner-blocks has-text-align-center stk-block-content stk-content-align stk-cf247fd-column\">\n<div class=\"wp-block-stackable-column stk-block-column stk-column stk-block stk-1d93b9f\" data-v=\"4\" data-block-id=\"1d93b9f\"><style>.stk-1d93b9f-container{margin-top:0px !important;margin-right:0px !important;margin-bottom:0px !important;margin-left:0px !important;}<\/style><div class=\"stk-column-wrapper stk-block-column__content stk-container stk-1d93b9f-container stk--no-background stk--no-padding\"><div class=\"stk-block-content stk-inner-blocks stk-1d93b9f-inner-blocks\">\n<div class=\"wp-block-stackable-heading stk-block-heading stk-block-heading--v2 stk-block stk-436ce8b\" id=\"visuelle-starke-personliche-betreuung-starten-sie-jetzt\" data-block-id=\"436ce8b\"><style>.stk-436ce8b {margin-bottom:30px !important;}.stk-436ce8b .stk-block-heading__text{font-size:100px !important;color:var(--theme-palette-color-8, #ffffff) !important;line-height:1.3em !important;font-weight:800 !important;}@media screen and (max-width:999px){.stk-436ce8b .stk-block-heading__text{font-size:70px !important;}}@media screen and (max-width:689px){.stk-436ce8b .stk-block-heading__text{font-size:40px !important;}}<\/style><h2 class=\"stk-block-heading__text has-text-color has-palette-color-8-color\">Visuelle St\u00e4rke, pers\u00f6nliche Betreuung \u2013 starten Sie jetzt.<\/h2><\/div>\n\n\n\n<div class=\"wp-block-stackable-text stk-block-text stk-block stk-38dc668\" data-block-id=\"38dc668\"><style>.stk-38dc668 {margin-bottom:60px !important;}.stk-38dc668 .stk-block-text__text{color:var(--theme-palette-color-8, #ffffff) !important;text-transform:uppercase !important;}@media screen and (max-width:689px){.stk-38dc668 {margin-bottom:50px !important;}}<\/style><p class=\"stk-block-text__text has-text-color has-palette-color-8-color has-text-align-center\">Ihre visuelle Reise beginnt hier \u2013 mit kreativem Design und professioneller Fotografie.<\/p><\/div>\n<\/div><\/div><\/div>\n<\/div><\/div>\n\n\n\n<div class=\"wp-block-stackable-columns stk-block-columns stk-block stk-c502d6f stk-block-background\" data-block-id=\"c502d6f\"><style>.stk-c502d6f {background-color:var(--theme-palette-color-8, #ffffff) !important;box-shadow:0px 20px 80px 0px #c1c7d440 !important;padding-top:90px !important;padding-right:35px !important;padding-bottom:90px !important;padding-left:35px !important;margin-top:-100px !important;margin-bottom:0px !important;}.stk-c502d6f:before{background-color:var(--theme-palette-color-8, #ffffff) !important;}@media screen and (max-width:689px){.stk-c502d6f {padding-top:55px !important;padding-right:25px !important;padding-bottom:40px !important;padding-left:25px !important;margin-top:-80px !important;}}<\/style><div class=\"stk-row stk-inner-blocks has-text-align-center-mobile stk-block-content stk-content-align stk-c502d6f-column\">\n<div class=\"wp-block-stackable-column stk-block-column stk-column stk-block stk-6efc083\" data-v=\"4\" data-block-id=\"6efc083\"><style>.stk-6efc083-container{margin-top:0px !important;margin-right:0px !important;margin-bottom:0px !important;margin-left:0px !important;}<\/style><div class=\"stk-column-wrapper stk-block-column__content stk-container stk-6efc083-container stk--no-background stk--no-padding\"><div class=\"stk-block-content stk-inner-blocks stk-6efc083-inner-blocks\">\n<div class=\"wp-block-stackable-text stk-block-text stk-block stk-3ee9ddb\" data-block-id=\"3ee9ddb\"><style>.stk-3ee9ddb {max-width:750px !important;min-width:auto !important;margin-right:auto !important;margin-left:auto !important;}.stk-3ee9ddb .stk-block-text__text{color:var(--theme-palette-color-4, #000000) !important;line-height:2em !important;text-transform:uppercase !important;letter-spacing:1.3px !important;}<\/style><p class=\"stk-block-text__text has-text-color has-palette-color-4-color has-text-align-center\">Als kreativer Partner f\u00fcr Unternehmen, Marken und Agenturen biete ich hochwertiges Grafikdesign, professionelle Business-Fotografie und effektive visuelle Kommunikation \u2013 mit dem Qualit\u00e4tsanspruch gro\u00dfer Werbeagenturen, jedoch pers\u00f6nlicher, flexibler und bezahlbar. Ich entwickle ma\u00dfgeschneiderte visuelle L\u00f6sungen, die Ihre Markenidentit\u00e4t st\u00e4rken, Vertrauen aufbauen und Kunden \u00fcberzeugen \u2013 von Logo-Design, Printmedien und Branding \u00fcber Werbekampagnen bis hin zur Produktfotografie. Sie arbeiten direkt mit mir \u2013 dem Kreativen \u2013 ohne Umwege, transparent und auf Augenh\u00f6he. So entstehen Ergebnisse, die wirken \u2013 visuell und wirtschaftlich.<\/p><\/div>\n<\/div><\/div><\/div>\n<\/div><\/div>\n\n\n\n<div class=\"wp-block-stackable-columns alignfull stk-block-columns stk-block stk-8615cec\" data-block-id=\"8615cec\"><style>.stk-8615cec {padding-top:0px !important;padding-right:0px !important;padding-bottom:0px !important;padding-left:0px !important;margin-bottom:0px !important;overflow:visible !important;}.stk-8615cec .stk-container{overflow:visible !important;}<\/style><div class=\"stk-row stk-inner-blocks stk-block-content stk-content-align stk-8615cec-column\">\n<div class=\"wp-block-stackable-column stk-block-column stk-column stk-block stk-c4f4441\" data-v=\"4\" data-block-id=\"c4f4441\"><style>.stk-c4f4441-container{margin-top:0px !important;margin-right:0px !important;margin-bottom:0px !important;margin-left:0px !important;}<\/style><div class=\"stk-column-wrapper stk-block-column__content stk-container stk-c4f4441-container stk--no-background stk--no-padding\"><div class=\"stk-block-content stk-inner-blocks stk-c4f4441-inner-blocks\">\n<div class=\"wp-block-stackable-spacer stk-block-spacer stk--no-padding stk-block stk-c3ea87b\" data-block-id=\"c3ea87b\"><style>.stk-c3ea87b {height:40px !important;}@media screen and (max-width:999px){.stk-c3ea87b {height:5px !important;}}@media screen and (max-width:689px){.stk-c3ea87b {height:10px !important;}}<\/style><\/div>\n\n\n\n<div class=\"wp-block-stackable-columns stk-block-columns stk-block stk-a178eef\" data-block-id=\"a178eef\"><style>.stk-a178eef .stk--block-align-a178eef{align-items:center !important;}.stk-a178eef {margin-bottom:0px !important;}.stk-a178eef-column{--stk-column-gap:35px !important;row-gap:35px !important;}<\/style><div class=\"stk-row stk-inner-blocks has-text-align-center has-text-align-center-mobile stk--block-align-a178eef stk-block-content stk-content-align stk-a178eef-column\">\n<div class=\"wp-block-stackable-column stk-block-column stk-column stk-block stk-54a8bc0 stk-block-background stk--has-background-overlay\" data-v=\"4\" data-block-id=\"54a8bc0\"><style>.stk-54a8bc0-container{margin-top:var(--stk--preset--spacing--80, 5.06rem) !important;margin-right:var(--stk--preset--spacing--80, 5.06rem) !important;margin-bottom:var(--stk--preset--spacing--80, 5.06rem) !important;margin-left:var(--stk--preset--spacing--80, 5.06rem) !important;padding-top:18% !important;padding-right:10% !important;padding-bottom:18% !important;padding-left:10% !important;}.stk-54a8bc0 {align-self:stretch !important;background-color:#00000000 !important;background-image:url(https:\/\/www.aleksandar-gacic.com\/wp-content\/uploads\/2023\/11\/Aleksandar_Gacic_dior_nai.jpg) !important;border-top-left-radius:var(--stk--preset--border-radius--none, 0px) !important;border-top-right-radius:var(--stk--preset--border-radius--none, 0px) !important;border-bottom-right-radius:var(--stk--preset--border-radius--none, 0px) !important;border-bottom-left-radius:var(--stk--preset--border-radius--none, 0px) !important;overflow:hidden !important;box-shadow:none !important;border-style:solid !important;border-top-width:0px !important;border-right-width:0px !important;border-bottom-width:0px !important;border-left-width:0px !important;padding-top:var(--stk--preset--spacing--none, 0px) !important;padding-right:var(--stk--preset--spacing--none, 0px) !important;padding-bottom:var(--stk--preset--spacing--none, 0px) !important;padding-left:var(--stk--preset--spacing--none, 0px) !important;}.stk-54a8bc0-inner-blocks{row-gap:var(--stk--preset--spacing--none, 0px) !important;}.stk-54a8bc0:before{background-color:#00000000 !important;opacity:1 !important;}@media screen and (max-width:689px){.stk-54a8bc0-container{padding-top:35px !important;padding-right:35px !important;padding-bottom:70px !important;padding-left:35px !important;}}<\/style><div class=\"stk-column-wrapper stk-block-column__content stk-container stk-54a8bc0-container stk--no-background stk--no-padding\"><div class=\"stk-block-content stk-inner-blocks stk-54a8bc0-inner-blocks\">\n<div class=\"wp-block-stackable-spacer stk-block-spacer stk--no-padding stk-block stk-6e72f15\" data-block-id=\"6e72f15\"><style>.stk-6e72f15 {height:268px !important;}@media screen and (max-width:689px){.stk-6e72f15 {height:300px !important;}}<\/style><\/div>\n\n\n\n<div class=\"wp-block-stackable-button-group stk-block-button-group stk-block stk-70f272f\" data-block-id=\"70f272f\"><style>.stk-70f272f .stk-button-group{align-items:flex-start !important;}.stk-70f272f {max-width:1500px !important;min-width:auto !important;padding-top:var(--stk--preset--spacing--none, 0px) !important;padding-right:var(--stk--preset--spacing--none, 0px) !important;padding-bottom:var(--stk--preset--spacing--none, 0px) !important;padding-left:var(--stk--preset--spacing--none, 0px) !important;margin-top:var(--stk--preset--spacing--none, 0px) !important;display:flex !important;opacity:1 !important;}.stk-70f272f .stk-inner-blocks{column-gap:12px !important;row-gap:12px !important;}<\/style><div class=\"stk-row stk-inner-blocks has-text-align-center stk-block-content stk-button-group\">\n<div class=\"wp-block-stackable-button stk-block-button stk-block stk-311ddff\" data-block-id=\"311ddff\"><style>.stk-311ddff .stk-button{padding-top:16px !important;padding-right:60px !important;padding-bottom:16px !important;padding-left:60px !important;background:var(--theme-palette-color-6, #f9fafb) !important;}:where(.stk-hover-parent:hover,  .stk-hover-parent.stk--is-hovered) .stk-311ddff .stk-button:after{background:var(--theme-palette-color-1, #fed8c2) !important;opacity:1 !important;}.stk-311ddff .stk-button__inner-text{font-size:15px !important;color:var(--theme-palette-color-4, #000000) !important;font-weight:600 !important;}:where(.stk-hover-parent:hover,  .stk-hover-parent.stk--is-hovered) .stk-311ddff .stk-button__inner-text{color:var(--theme-palette-color-4, #000000) !important;}@media screen and (max-width:999px){.stk-311ddff .stk-button__inner-text{font-size:15px !important;}}<\/style><a class=\"stk-link stk-button stk--hover-effect-darken\" href=\"https:\/\/www.aleksandar-gacic.com\/index.php\/fotografie\/\" rel=\"\/index.php\/105-2\/\"><span class=\"has-text-color stk-button__inner-text\">FOTOGRAFIE<\/span><\/a><\/div>\n<\/div><\/div>\n<\/div><\/div><\/div>\n\n\n\n<div class=\"wp-block-stackable-column stk-block-column stk-column stk-block stk-d40c045 stk-block-background stk--has-background-overlay\" data-v=\"4\" data-block-id=\"d40c045\"><style>.stk-d40c045-container{margin-top:0px !important;margin-right:0px !important;margin-bottom:0px !important;margin-left:0px !important;padding-top:18% !important;padding-right:10% !important;padding-bottom:18% !important;padding-left:10% !important;}.stk-d40c045 {align-self:stretch !important;background-image:url(https:\/\/www.aleksandar-gacic.com\/wp-content\/uploads\/2023\/11\/Volaera_25-1.jpg) !important;border-color:#00000000 !important;border-top-width:0px !important;border-right-width:0px !important;border-bottom-width:0px !important;border-left-width:0px !important;}.stk-d40c045-inner-blocks{justify-content:center !important;}@media screen and (max-width:689px){.stk-d40c045-container{padding-top:35px !important;padding-right:35px !important;padding-bottom:70px !important;padding-left:35px !important;}}<\/style><div class=\"stk-column-wrapper stk-block-column__content stk-container stk-d40c045-container stk--no-background stk--no-padding\"><div class=\"stk--column-flex stk-block-content stk-inner-blocks stk-d40c045-inner-blocks\">\n<div class=\"wp-block-stackable-spacer stk-block-spacer stk--no-padding stk-block stk-2eda5e9\" data-block-id=\"2eda5e9\"><style>.stk-2eda5e9 {height:268px !important;}@media screen and (max-width:999px){.stk-2eda5e9 {height:50px !important;}}@media screen and (max-width:689px){.stk-2eda5e9 {height:35px !important;}}<\/style><\/div>\n\n\n\n<div class=\"wp-block-stackable-button-group stk-block-button-group stk-block stk-36308a9\" data-block-id=\"36308a9\"><div class=\"stk-row stk-inner-blocks stk-block-content stk-button-group\">\n<div class=\"wp-block-stackable-button stk-block-button stk-block stk-3c0cd95\" data-block-id=\"3c0cd95\"><style>.stk-3c0cd95 .stk-button{padding-top:16px !important;padding-right:60px !important;padding-bottom:16px !important;padding-left:60px !important;background:var(--theme-palette-color-6, #f9fafb) !important;}.stk-3c0cd95 .stk-button__inner-text{font-size:15px !important;color:var(--theme-palette-color-4, #000000) !important;font-weight:600 !important;}@media screen and (max-width:999px){.stk-3c0cd95 .stk-button__inner-text{font-size:15px !important;}}<\/style><a class=\"stk-link stk-button stk--hover-effect-darken\" href=\" https:\/\/www.aleksandar-gacic.com\/index.php\/design\/\"><span class=\"has-text-color stk-button__inner-text\">DESIGN<\/span><\/a><\/div>\n<\/div><\/div>\n<\/div><\/div><\/div>\n<\/div><\/div>\n<\/div><\/div><\/div>\n<\/div><\/div>\n\n\n\n<p><\/p>\n","protected":false},"excerpt":{"rendered":"<p>Visuelle St\u00e4rke, pers\u00f6nliche Betreuung \u2013 starten Sie jetzt. Ihre visuelle Reise beginnt hier \u2013 mit kreativem Design und professioneller Fotografie. Als kreativer Partner f\u00fcr Unternehmen, Marken und Agenturen biete ich hochwertiges Grafikdesign, professionelle Business-Fotografie und effektive visuelle Kommunikation \u2013 mit dem Qualit\u00e4tsanspruch gro\u00dfer Werbeagenturen, jedoch pers\u00f6nlicher, flexibler und bezahlbar. Ich entwickle ma\u00dfgeschneiderte visuelle L\u00f6sungen, die [&hellip;]<\/p>\n","protected":false},"author":1,"featured_media":0,"parent":0,"menu_order":0,"comment_status":"closed","ping_status":"closed","template":"","meta":{"content-type":"","pgc_sgb_lightbox_settings":"","cybocfi_hide_featured_image":"","footnotes":""},"class_list":["post-1304","page","type-page","status-publish","hentry"],"blocksy_meta":{"has_hero_section":"disabled","styles_descriptor":{"styles":{"desktop":"","tablet":"","mobile":""},"google_fonts":[],"version":6}},"_links":{"self":[{"href":"https:\/\/www.aleksandar-gacic.com\/index.php\/wp-json\/wp\/v2\/pages\/1304","targetHints":{"allow":["GET"]}}],"collection":[{"href":"https:\/\/www.aleksandar-gacic.com\/index.php\/wp-json\/wp\/v2\/pages"}],"about":[{"href":"https:\/\/www.aleksandar-gacic.com\/index.php\/wp-json\/wp\/v2\/types\/page"}],"author":[{"embeddable":true,"href":"https:\/\/www.aleksandar-gacic.com\/index.php\/wp-json\/wp\/v2\/users\/1"}],"replies":[{"embeddable":true,"href":"https:\/\/www.aleksandar-gacic.com\/index.php\/wp-json\/wp\/v2\/comments?post=1304"}],"version-history":[{"count":25,"href":"https:\/\/www.aleksandar-gacic.com\/index.php\/wp-json\/wp\/v2\/pages\/1304\/revisions"}],"predecessor-version":[{"id":1385,"href":"https:\/\/www.aleksandar-gacic.com\/index.php\/wp-json\/wp\/v2\/pages\/1304\/revisions\/1385"}],"wp:attachment":[{"href":"https:\/\/www.aleksandar-gacic.com\/index.php\/wp-json\/wp\/v2\/media?parent=1304"}],"curies":[{"name":"wp","href":"https:\/\/api.w.org\/{rel}","templated":true}]}}