{"id":2617,"date":"2026-02-26T19:36:37","date_gmt":"2026-02-26T19:36:37","guid":{"rendered":"https:\/\/www.aleksandar-gacic.com\/?page_id=2617"},"modified":"2026-03-11T21:07:49","modified_gmt":"2026-03-11T21:07:49","slug":"impressum","status":"publish","type":"page","link":"https:\/\/www.aleksandar-gacic.com\/index.php\/impressum\/","title":{"rendered":"Impressum"},"content":{"rendered":"\n<p>Angaben gem\u00e4\u00df \u00a7 5 TMG<\/p>\n\n\n\n<p>Aleksandar Ga\u010di\u010d<br>Wohlhausener Stra\u00dfe 1<br>08258 Markneukirchen<br>Deutschland<\/p>\n\n\n\n<p class=\"has-black-color has-text-color has-link-color wp-elements-d9b7b8b6e32f3f377e186a621beeb480\">Kontakt<br>E-Mail: <a href=\"mailto:foto@aleksandar-gacic.com\">foto@aleksandar-gacic.com<\/a><\/p>\n\n\n\n<p>Berufsbezeichnung: Fotograf<\/p>\n\n\n\n<p>Umsatzsteuer<br>Kleinunternehmer gem\u00e4\u00df \u00a7 19 UStG \u2013 es wird keine Umsatzsteuer berechnet.<\/p>\n\n\n\n<p>Verantwortlich f\u00fcr den Inhalt nach \u00a7 18 Abs. 2 MStV<br>Aleksandar Ga\u010di\u010d<br>Wohlhausener Stra\u00dfe 1<br>08258 Markneukirchen<\/p>\n\n\n\n<p class=\"has-black-color has-text-color has-link-color wp-elements-a7aa4167841781d3ad77308d8b41a712\">EU-Streitschlichtung<br>Die Europ\u00e4ische Kommission stellt eine Plattform zur Online-Streitbeilegung (OS) bereit:<br><a href=\"https:\/\/ec.europa.eu\/consumers\/odr\/\" target=\"_blank\" rel=\"noopener\">https:\/\/ec.europa.eu\/consumers\/odr\/<\/a><\/p>\n\n\n\n<p>Ich bin nicht verpflichtet und nicht bereit, an Streitbeilegungsverfahren vor einer Verbraucherschlichtungsstelle teilzunehmen.<\/p>\n","protected":false},"excerpt":{"rendered":"<p>Angaben gem\u00e4\u00df \u00a7 5 TMG Aleksandar Ga\u010di\u010dWohlhausener Stra\u00dfe 108258 MarkneukirchenDeutschland KontaktE-Mail: foto@aleksandar-gacic.com Berufsbezeichnung: Fotograf UmsatzsteuerKleinunternehmer gem\u00e4\u00df \u00a7 19 UStG \u2013 es wird keine Umsatzsteuer berechnet. Verantwortlich f\u00fcr den Inhalt nach \u00a7 18 Abs. 2 MStVAleksandar Ga\u010di\u010dWohlhausener Stra\u00dfe 108258 Markneukirchen EU-StreitschlichtungDie Europ\u00e4ische Kommission stellt eine Plattform zur Online-Streitbeilegung (OS) bereit:https:\/\/ec.europa.eu\/consumers\/odr\/ Ich bin nicht verpflichtet und nicht [&hellip;]<\/p>\n","protected":false},"author":1,"featured_media":0,"parent":0,"menu_order":0,"comment_status":"closed","ping_status":"closed","template":"","meta":{"content-type":"","pgc_sgb_lightbox_settings":"","cybocfi_hide_featured_image":"","footnotes":""},"class_list":["post-2617","page","type-page","status-publish","hentry"],"blocksy_meta":[],"_links":{"self":[{"href":"https:\/\/www.aleksandar-gacic.com\/index.php\/wp-json\/wp\/v2\/pages\/2617","targetHints":{"allow":["GET"]}}],"collection":[{"href":"https:\/\/www.aleksandar-gacic.com\/index.php\/wp-json\/wp\/v2\/pages"}],"about":[{"href":"https:\/\/www.aleksandar-gacic.com\/index.php\/wp-json\/wp\/v2\/types\/page"}],"author":[{"embeddable":true,"href":"https:\/\/www.aleksandar-gacic.com\/index.php\/wp-json\/wp\/v2\/users\/1"}],"replies":[{"embeddable":true,"href":"https:\/\/www.aleksandar-gacic.com\/index.php\/wp-json\/wp\/v2\/comments?post=2617"}],"version-history":[{"count":2,"href":"https:\/\/www.aleksandar-gacic.com\/index.php\/wp-json\/wp\/v2\/pages\/2617\/revisions"}],"predecessor-version":[{"id":2714,"href":"https:\/\/www.aleksandar-gacic.com\/index.php\/wp-json\/wp\/v2\/pages\/2617\/revisions\/2714"}],"wp:attachment":[{"href":"https:\/\/www.aleksandar-gacic.com\/index.php\/wp-json\/wp\/v2\/media?parent=2617"}],"curies":[{"name":"wp","href":"https:\/\/api.w.org\/{rel}","templated":true}]}}