{"id":2619,"date":"2026-02-26T19:45:15","date_gmt":"2026-02-26T19:45:15","guid":{"rendered":"https:\/\/www.aleksandar-gacic.com\/?page_id=2619"},"modified":"2026-02-26T20:16:29","modified_gmt":"2026-02-26T20:16:29","slug":"cookie-richtlinie","status":"publish","type":"page","link":"https:\/\/www.aleksandar-gacic.com\/index.php\/cookie-richtlinie\/","title":{"rendered":"Cookie-Richtlinie"},"content":{"rendered":"\n<div class=\"wp-block-stackable-heading stk-block-heading stk-block-heading--v2 stk-block stk-bfd614a\" id=\"cookie-richtlinie\" data-block-id=\"bfd614a\"><style>.stk-bfd614a .stk-block-heading__text{font-size:var(--stk--preset--font-size--medium, 20px) !important;}@media screen and (max-width:999px){.stk-bfd614a .stk-block-heading__text{font-size:var(--stk--preset--font-size--medium, 20px) !important;}}<\/style><h2 class=\"stk-block-heading__text\">Cookie-Richtlinie<\/h2><\/div>\n\n\n\n<div class=\"wp-block-stackable-heading stk-block-heading stk-block-heading--v2 stk-block stk-25c5c59\" id=\"1-was-sind-cookies\" data-block-id=\"25c5c59\"><style>.stk-25c5c59 .stk-block-heading__text{font-size:var(--stk--preset--font-size--medium, 20px) !important;}@media screen and (max-width:999px){.stk-25c5c59 .stk-block-heading__text{font-size:var(--stk--preset--font-size--medium, 20px) !important;}}<\/style><h2 class=\"stk-block-heading__text\">1. Was sind Cookies?<\/h2><\/div>\n\n\n\n<p>Diese Website verwendet sogenannte Cookies. Cookies sind kleine Textdateien, die auf Ihrem Endger\u00e4t gespeichert werden und bestimmte Informationen enthalten. Sie dienen dazu, die Website benutzerfreundlicher, effektiver und sicherer zu machen.<br>Einige Cookies sind technisch notwendig, w\u00e4hrend andere zur Analyse oder zu Marketingzwecken verwendet werden.<\/p>\n\n\n\n<div class=\"wp-block-stackable-heading stk-block-heading stk-block-heading--v2 stk-block stk-c8cb594\" id=\"2-welche-arten-von-cookies-verwenden-wir\" data-block-id=\"c8cb594\"><style>.stk-c8cb594 .stk-block-heading__text{font-size:var(--stk--preset--font-size--medium, 20px) !important;}@media screen and (max-width:999px){.stk-c8cb594 .stk-block-heading__text{font-size:var(--stk--preset--font-size--medium, 20px) !important;}}<\/style><h2 class=\"stk-block-heading__text\">2. Welche Arten von Cookies verwenden wir?<\/h2><\/div>\n\n\n\n<p>Auf dieser Website werden folgende Cookie-Kategorien verwendet:<\/p>\n\n\n\n<div class=\"wp-block-stackable-heading stk-block-heading stk-block-heading--v2 stk-block stk-037f95c\" id=\"notwendige-cookies\" data-block-id=\"037f95c\"><style>.stk-037f95c .stk-block-heading__text{font-size:var(--stk--preset--font-size--medium, 20px) !important;}@media screen and (max-width:999px){.stk-037f95c .stk-block-heading__text{font-size:var(--stk--preset--font-size--medium, 20px) !important;}}<\/style><h3 class=\"stk-block-heading__text\">Notwendige Cookies<\/h3><\/div>\n\n\n\n<p>Diese Cookies sind erforderlich, damit die Website korrekt funktioniert.<br>Beispiele:<br>\u2022 Speicherung Ihrer Cookie-Einstellungen\u2028<br>\u2022 Sicherheitsfunktionen der Website\u2028<br>\u2022 Login-Schutz\u2028<br>\u2022 Formularfunktionen\u2028<br>Diese Cookies k\u00f6nnen nicht deaktiviert werden.<br>Rechtsgrundlage: Art. 6 Abs. 1 lit. f DSGVO.<\/p>\n\n\n\n<div class=\"wp-block-stackable-heading stk-block-heading stk-block-heading--v2 stk-block stk-5f9875e\" id=\"statistik-cookies\" data-block-id=\"5f9875e\"><style>.stk-5f9875e .stk-block-heading__text{font-size:var(--stk--preset--font-size--medium, 20px) !important;}@media screen and (max-width:999px){.stk-5f9875e .stk-block-heading__text{font-size:var(--stk--preset--font-size--medium, 20px) !important;}}<\/style><h3 class=\"stk-block-heading__text\">Statistik-Cookies<\/h3><\/div>\n\n\n\n<p>Diese Cookies helfen uns zu verstehen, wie Besucher unsere Website nutzen.<br>Dazu verwenden wir:<br>Google Analytics<br>Dabei k\u00f6nnen folgende Daten verarbeitet werden:<br>\u2022 anonymisierte IP-Adresse\u2028<br>\u2022 besuchte Seiten\u2028<br>\u2022 Dauer des Besuchs\u2028<br>\u2022 verwendeter Browser\u2028<br>\u2022 Ger\u00e4tetyp\u2028<br>Die Nutzung erfolgt nur nach Ihrer Einwilligung.<br>Rechtsgrundlage: Art. 6 Abs. 1 lit. a DSGVO.<\/p>\n\n\n\n<div class=\"wp-block-stackable-heading stk-block-heading stk-block-heading--v2 stk-block stk-f8a77cf\" id=\"marketing-cookies\" data-block-id=\"f8a77cf\"><style>.stk-f8a77cf .stk-block-heading__text{font-size:var(--stk--preset--font-size--medium, 20px) !important;}@media screen and (max-width:999px){.stk-f8a77cf .stk-block-heading__text{font-size:var(--stk--preset--font-size--medium, 20px) !important;}}<\/style><h2 class=\"stk-block-heading__text\">Marketing-Cookies<\/h2><\/div>\n\n\n\n<p>Diese Cookies k\u00f6nnen verwendet werden, um Inhalte von externen Plattformen anzuzeigen oder Besucher \u00fcber Websites hinweg zu verfolgen.<br>Dazu geh\u00f6ren beispielsweise:<br>\u2022 Instagram\u2028<br>\u2022 WhatsApp\u2028<br>\u2022 HubSpot\u2028<br>Diese Dienste k\u00f6nnen personenbezogene Daten verarbeiten.<br>Die Nutzung erfolgt nur mit Ihrer Einwilligung.<br>Rechtsgrundlage: Art. 6 Abs. 1 lit. a DSGVO.<\/p>\n\n\n\n<div class=\"wp-block-stackable-heading stk-block-heading stk-block-heading--v2 stk-block stk-c90b288\" id=\"3-cookie-einwilligung\" data-block-id=\"c90b288\"><style>.stk-c90b288 .stk-block-heading__text{font-size:var(--stk--preset--font-size--medium, 20px) !important;}@media screen and (max-width:999px){.stk-c90b288 .stk-block-heading__text{font-size:var(--stk--preset--font-size--medium, 20px) !important;}}<\/style><h2 class=\"stk-block-heading__text\">3. Cookie-Einwilligung<\/h2><\/div>\n\n\n\n<p>Beim ersten Besuch unserer Website werden Sie \u00fcber ein Cookie-Banner um Ihre Einwilligung gebeten.\u2028Sie k\u00f6nnen ausw\u00e4hlen, welche Cookies Sie erlauben m\u00f6chten.<br>Ihre Auswahl k\u00f6nnen Sie jederzeit \u00e4ndern oder widerrufen.<\/p>\n\n\n\n<div class=\"wp-block-stackable-heading stk-block-heading stk-block-heading--v2 stk-block stk-0cd91f5\" id=\"4-cookies-verwalten-oder-loschen\" data-block-id=\"0cd91f5\"><style>.stk-0cd91f5 .stk-block-heading__text{font-size:var(--stk--preset--font-size--medium, 20px) !important;}@media screen and (max-width:999px){.stk-0cd91f5 .stk-block-heading__text{font-size:var(--stk--preset--font-size--medium, 20px) !important;}}<\/style><h2 class=\"stk-block-heading__text\">4. Cookies verwalten oder l\u00f6schen<\/h2><\/div>\n\n\n\n<p>Sie k\u00f6nnen Cookies auch \u00fcber die Einstellungen Ihres Browsers kontrollieren oder l\u00f6schen.<br>Informationen dazu finden Sie hier:<br>\u2022 Google Chrome\u2028https:\/\/support.google.com\/chrome\/answer\/95647\u2028<br>\u2022 Mozilla Firefox\u2028https:\/\/support.mozilla.org\/de\/kb\/cookies-erlauben-und-ablehnen\u2028<br>\u2022 Safari\u2028https:\/\/support.apple.com\/de-de\/guide\/safari\/sfri11471\/mac<\/p>\n\n\n\n<div class=\"wp-block-stackable-heading stk-block-heading stk-block-heading--v2 stk-block stk-5967600\" id=\"5-anderungen-dieser-cookie-richtlinie\" data-block-id=\"5967600\"><style>.stk-5967600 .stk-block-heading__text{font-size:var(--stk--preset--font-size--medium, 20px) !important;}@media screen and (max-width:999px){.stk-5967600 .stk-block-heading__text{font-size:var(--stk--preset--font-size--medium, 20px) !important;}}<\/style><h2 class=\"stk-block-heading__text\">5. \u00c4nderungen dieser Cookie-Richtlinie<\/h2><\/div>\n\n\n\n<p>Wir behalten uns vor, diese Cookie-Richtlinie anzupassen, wenn sich unsere Website oder rechtliche Anforderungen \u00e4ndern.<\/p>\n","protected":false},"excerpt":{"rendered":"<p>Cookie-Richtlinie 1. Was sind Cookies? Diese Website verwendet sogenannte Cookies. Cookies sind kleine Textdateien, die auf Ihrem Endger\u00e4t gespeichert werden und bestimmte Informationen enthalten. Sie dienen dazu, die Website benutzerfreundlicher, effektiver und sicherer zu machen.Einige Cookies sind technisch notwendig, w\u00e4hrend andere zur Analyse oder zu Marketingzwecken verwendet werden. 2. Welche Arten von Cookies verwenden wir? [&hellip;]<\/p>\n","protected":false},"author":1,"featured_media":0,"parent":0,"menu_order":0,"comment_status":"closed","ping_status":"closed","template":"","meta":{"content-type":"","pgc_sgb_lightbox_settings":"","cybocfi_hide_featured_image":"","footnotes":""},"class_list":["post-2619","page","type-page","status-publish","hentry"],"blocksy_meta":{"has_hero_section":"disabled","styles_descriptor":{"styles":{"desktop":"","tablet":"","mobile":""},"google_fonts":[],"version":6}},"_links":{"self":[{"href":"https:\/\/www.aleksandar-gacic.com\/index.php\/wp-json\/wp\/v2\/pages\/2619","targetHints":{"allow":["GET"]}}],"collection":[{"href":"https:\/\/www.aleksandar-gacic.com\/index.php\/wp-json\/wp\/v2\/pages"}],"about":[{"href":"https:\/\/www.aleksandar-gacic.com\/index.php\/wp-json\/wp\/v2\/types\/page"}],"author":[{"embeddable":true,"href":"https:\/\/www.aleksandar-gacic.com\/index.php\/wp-json\/wp\/v2\/users\/1"}],"replies":[{"embeddable":true,"href":"https:\/\/www.aleksandar-gacic.com\/index.php\/wp-json\/wp\/v2\/comments?post=2619"}],"version-history":[{"count":4,"href":"https:\/\/www.aleksandar-gacic.com\/index.php\/wp-json\/wp\/v2\/pages\/2619\/revisions"}],"predecessor-version":[{"id":2625,"href":"https:\/\/www.aleksandar-gacic.com\/index.php\/wp-json\/wp\/v2\/pages\/2619\/revisions\/2625"}],"wp:attachment":[{"href":"https:\/\/www.aleksandar-gacic.com\/index.php\/wp-json\/wp\/v2\/media?parent=2619"}],"curies":[{"name":"wp","href":"https:\/\/api.w.org\/{rel}","templated":true}]}}